{"id":24,"date":"2023-03-01T00:01:30","date_gmt":"2023-03-01T00:01:30","guid":{"rendered":"https:\/\/costatourscr.com\/?page_id=24"},"modified":"2025-03-27T22:14:57","modified_gmt":"2025-03-28T04:14:57","slug":"tours-de-1-y-2-dias","status":"publish","type":"page","link":"https:\/\/costatourscr.com\/en\/tours-de-1-y-2-dias\/","title":{"rendered":"1 and 2 Day Tours"},"content":{"rendered":"<div class=\"wp-block-group alignfull has-global-padding is-layout-constrained wp-block-group-is-layout-constrained\" id=\"cover\">\n<div class=\"wp-block-cover alignfull\" style=\"min-height:95vh;aspect-ratio:unset;\"><span aria-hidden=\"true\" class=\"wp-block-cover__background has-dark-background-color has-background-dim-30 has-background-dim\"><\/span><img loading=\"lazy\" decoding=\"async\" width=\"1500\" height=\"1500\" class=\"wp-block-cover__image-background wp-image-72\" alt=\"\" src=\"https:\/\/costatourscr.com\/wp-content\/uploads\/2023\/03\/islatortuga3.jpg\" data-object-fit=\"cover\" srcset=\"https:\/\/costatourscr.com\/wp-content\/uploads\/2023\/03\/islatortuga3.jpg 1500w, https:\/\/costatourscr.com\/wp-content\/uploads\/2023\/03\/islatortuga3-300x300.jpg 300w, https:\/\/costatourscr.com\/wp-content\/uploads\/2023\/03\/islatortuga3-1024x1024.jpg 1024w, https:\/\/costatourscr.com\/wp-content\/uploads\/2023\/03\/islatortuga3-150x150.jpg 150w, https:\/\/costatourscr.com\/wp-content\/uploads\/2023\/03\/islatortuga3-768x768.jpg 768w, https:\/\/costatourscr.com\/wp-content\/uploads\/2023\/03\/islatortuga3-600x600.jpg 600w, https:\/\/costatourscr.com\/wp-content\/uploads\/2023\/03\/islatortuga3-100x100.jpg 100w\" sizes=\"auto, (max-width: 1500px) 100vw, 1500px\" \/><div class=\"wp-block-cover__inner-container is-layout-flow wp-block-cover-is-layout-flow\">\n<div class=\"wp-block-group has-global-padding is-layout-constrained wp-container-core-group-is-layout-a7101d4c wp-block-group-is-layout-constrained\">\n<p class=\"has-text-align-center has-permanentmarker-font-family\" style=\"font-size:clamp(1.743rem, 1.743rem + ((1vw - 0.2rem) * 1.796), 3rem);line-height:1\">experiences<\/p>\n\n\n\n<div style=\"height:20px\" aria-hidden=\"true\" class=\"wp-block-spacer\"><\/div>\n\n\n\n<p class=\"has-text-align-center has-xx-large-font-size\" style=\"margin-top:0;margin-right:0;margin-bottom:0;margin-left:0;font-style:normal;font-weight:600;line-height:1;text-transform:uppercase\">1 &amp; 2 day tours<br>you won\u2019t<br>forget<\/p>\n\n\n\n<p class=\"has-text-align-center\" style=\"margin-top:var(--wp--preset--spacing--medium);margin-right:var(--wp--preset--spacing--medium);margin-bottom:var(--wp--preset--spacing--medium);margin-left:var(--wp--preset--spacing--medium)\"><strong>En los destinos m\u00e1s paradis\u00edacos de Costa Rica<\/strong><\/p>\n\n\n\n<div class=\"wp-block-buttons is-content-justification-center is-layout-flex wp-container-core-buttons-is-layout-a89b3969 wp-block-buttons-is-layout-flex\">\n<div class=\"wp-block-button has-custom-width wp-block-button__width-75 has-custom-font-size has-body-font-size\"><a class=\"wp-block-button__link wp-element-button\" href=\"#tours\"><strong>View Tours<\/strong><\/a><\/div>\n<\/div>\n\n\n\n<div style=\"height:20px\" aria-hidden=\"true\" class=\"wp-block-spacer\"><\/div>\n<\/div>\n<\/div><\/div>\n<\/div>\n\n\n\n<div class=\"wp-block-group overlap has-base-background-color has-background has-global-padding is-layout-constrained wp-container-core-group-is-layout-dbf27b9b wp-block-group-is-layout-constrained\" style=\"border-top-left-radius:45px;border-top-right-radius:45px;padding-top:var(--wp--preset--spacing--small);padding-right:var(--wp--preset--spacing--small);padding-bottom:var(--wp--preset--spacing--small);padding-left:var(--wp--preset--spacing--small)\">\n<div class=\"wp-block-group has-global-padding is-layout-constrained wp-container-core-group-is-layout-f36bc466 wp-block-group-is-layout-constrained\">\n<div style=\"height:25px\" aria-hidden=\"true\" class=\"wp-block-spacer\"><\/div>\n\n\n\n<h2 class=\"wp-block-heading has-text-align-center translation-block\" style=\"font-style:normal;font-weight:500;text-transform:uppercase\">We <br>take you<\/h2>\n\n\n\n<p class=\"\">To create unique experiences and moments, with us you will enjoy 1- and 2-day adventures in the beautiful natural destinations hidden in Puntarenas, Guanacaste, and Lim\u00f3n. Spend more time at the destination and less time traveling; we guarantee memorable moments with our highly qualified and friendly staff.<br><br>You will travel comfortably and safely on fast tourist boats, accredited by national authorities for meeting all safety and quality standards.<br>Pura Vida! Thank you for trusting us; we are a 100% Costa Rican family business.<br>We look forward to welcoming you!<\/p>\n<\/div>\n<\/div>\n\n\n\n<div class=\"wp-block-group has-base-background-color has-background has-global-padding is-layout-constrained wp-container-core-group-is-layout-dbf27b9b wp-block-group-is-layout-constrained\" style=\"border-top-left-radius:45px;border-top-right-radius:45px;padding-top:var(--wp--preset--spacing--small);padding-right:var(--wp--preset--spacing--small);padding-bottom:var(--wp--preset--spacing--small);padding-left:var(--wp--preset--spacing--small)\">\n<div style=\"height:25px\" aria-hidden=\"true\" class=\"wp-block-spacer\"><\/div>\n\n\n\n<h2 class=\"wp-block-heading has-text-align-center has-primary-color has-text-color\" style=\"font-style:normal;font-weight:500;text-transform:uppercase\">our certifications<\/h2>\n\n\n\n<div style=\"height:25px\" aria-hidden=\"true\" class=\"wp-block-spacer\"><\/div>\n\n\n\n<div class=\"wp-block-group has-global-padding is-layout-constrained wp-container-core-group-is-layout-41c06ba8 wp-block-group-is-layout-constrained\">\n<div class=\"wp-block-sg-block-slothtenberg-slider\"><div class=\"slothtenberg-slider\" data-attrs=\"{&quot;autoplay&quot;:true,&quot;autoplaySpeed&quot;:900,&quot;speed&quot;:500,&quot;arrows&quot;:true,&quot;dots&quot;:true,&quot;pauseOnHover&quot;:false,&quot;slidesToShow&quot;:&quot;3&quot;,&quot;centerMode&quot;:false,&quot;centerPadding&quot;:20,&quot;slidesToScroll&quot;:1,&quot;responsive&quot;:[{&quot;breakpoint&quot;:576,&quot;settings&quot;:{&quot;slidesToShow&quot;:2}},{&quot;breakpoint&quot;:1100,&quot;settings&quot;:{&quot;slidesToShow&quot;:3}}]}\"><div class=\"slide\"><a href=\"\" target=\"_self\" rel=\"noopener\"><img decoding=\"async\" src=\"https:\/\/costatourscr.com\/wp-content\/uploads\/2023\/03\/porque-1.png\" alt=\"\"\/><\/a><\/div><div class=\"slide\"><a href=\"\" target=\"_self\" rel=\"noopener\"><img decoding=\"async\" src=\"https:\/\/costatourscr.com\/wp-content\/uploads\/2023\/03\/porque-2.png\" alt=\"\"\/><\/a><\/div><div class=\"slide\"><a href=\"\" target=\"_self\" rel=\"noopener\"><img decoding=\"async\" src=\"https:\/\/costatourscr.com\/wp-content\/uploads\/2023\/03\/porque-3.png\" alt=\"\"\/><\/a><\/div><\/div><\/div>\n<\/div>\n<\/div>\n\n\n\n<div id=\"tours\" class=\"wp-block-group has-global-padding is-layout-constrained wp-container-core-group-is-layout-dbf27b9b wp-block-group-is-layout-constrained\" style=\"padding-top:var(--wp--preset--spacing--small);padding-right:var(--wp--preset--spacing--small);padding-bottom:var(--wp--preset--spacing--small);padding-left:var(--wp--preset--spacing--small)\"><div class=\"wp-block-easytours-tours-list\"><ul class=\"columns-4\">\n\t\t\t\t\t<li data-tourid=\"1324\" class=\"tour-box\">\n\t\t\t\t\t\t<img decoding=\"async\" src=\"https:\/\/costatourscr.com\/wp-content\/uploads\/2025\/04\/C1.png\" alt=\"Tour 2 d\u00edas: Playa Conchal, Tamarin...\">\n\t\t\t\t\t\t<div class=\"tour-box-content\">\n\t\t\t\t\t\t\t<div>\n\t\t\t\t\t\t\t\t<a class=\"title\" href=\"https:\/\/costatourscr.com\/en\/tour\/tamarindo-conchal-las-catalinas-2-dias\/\">Tour 2 d\u00edas: Playa Conchal, Tamarin&#8230;<\/a>\n\t\t\t\t\t\t\t\t<p>From <span class=\"price\"><span class=\"woocommerce-Price-amount amount\"><bdi><span class=\"woocommerce-Price-currencySymbol\">&#x20a1;<\/span>90,000<\/bdi><\/span><\/span><\/p>\n\t\t\t\t\t\t\t<\/div>\n\t\t\t\t\t\t\t<div>\n\t\t\t\t\t\t\t\t<p><\/p>\n\t\t\t\t\t\t\t\t<a class=\"button\" href=\"https:\/\/costatourscr.com\/en\/tour\/tamarindo-conchal-las-catalinas-2-dias\/\">See tour<\/a>\n\t\t\t\t\t\t\t<\/div>\n\t\t\t\t\t\t<\/div>\n\n\t\t\t\t\t<\/li>\n\t\t\t\t\t\n\t\t\t\t\t<li data-tourid=\"470\" class=\"tour-box\">\n\t\t\t\t\t\t<img decoding=\"async\" src=\"https:\/\/costatourscr.com\/wp-content\/uploads\/2023\/03\/murcielago-1.jpg\" alt=\"Tour a las Islas Murci\u00e9lago desde S...\">\n\t\t\t\t\t\t<div class=\"tour-box-content\">\n\t\t\t\t\t\t\t<div>\n\t\t\t\t\t\t\t\t<a class=\"title\" href=\"https:\/\/costatourscr.com\/en\/tour\/isla-murcielago-snorkeling-playas\/\">Tour a las Islas Murci\u00e9lago desde S&#8230;<\/a>\n\t\t\t\t\t\t\t\t<p>From <span class=\"price\"><span class=\"woocommerce-Price-amount amount\"><bdi><span class=\"woocommerce-Price-currencySymbol\">&#x20a1;<\/span>51,000<\/bdi><\/span><\/span><\/p>\n\t\t\t\t\t\t\t<\/div>\n\t\t\t\t\t\t\t<div>\n\t\t\t\t\t\t\t\t<p><\/p>\n\t\t\t\t\t\t\t\t<a class=\"button\" href=\"https:\/\/costatourscr.com\/en\/tour\/isla-murcielago-snorkeling-playas\/\">See tour<\/a>\n\t\t\t\t\t\t\t<\/div>\n\t\t\t\t\t\t<\/div>\n\n\t\t\t\t\t<\/li>\n\t\t\t\t\t\n\t\t\t\t\t<li data-tourid=\"468\" class=\"tour-box\">\n\t\t\t\t\t\t<img decoding=\"async\" src=\"https:\/\/costatourscr.com\/wp-content\/uploads\/2023\/03\/rajada5.jpg\" alt=\"Playa Rajada + Playa Rajadita\">\n\t\t\t\t\t\t<div class=\"tour-box-content\">\n\t\t\t\t\t\t\t<div>\n\t\t\t\t\t\t\t\t<a class=\"title\" href=\"https:\/\/costatourscr.com\/en\/tour\/playa-rajada-playa-rajadita\/\">Rajada Beach + Rajadita Beach<\/a>\n\t\t\t\t\t\t\t\t<p>From <span class=\"price\"><span class=\"woocommerce-Price-amount amount\"><bdi><span class=\"woocommerce-Price-currencySymbol\">&#x20a1;<\/span>26,000<\/bdi><\/span><\/span><\/p>\n\t\t\t\t\t\t\t<\/div>\n\t\t\t\t\t\t\t<div>\n\t\t\t\t\t\t\t\t<p>Two small beaches with everything you need to relax \ud83d\ude0e<\/p>\n\t\t\t\t\t\t\t\t<a class=\"button\" href=\"https:\/\/costatourscr.com\/en\/tour\/playa-rajada-playa-rajadita\/\">See tour<\/a>\n\t\t\t\t\t\t\t<\/div>\n\t\t\t\t\t\t<\/div>\n\n\t\t\t\t\t<\/li>\n\t\t\t\t\t\n\t\t\t\t\t<li data-tourid=\"466\" class=\"tour-box\">\n\t\t\t\t\t\t<img decoding=\"async\" src=\"https:\/\/costatourscr.com\/wp-content\/uploads\/2023\/03\/nacascolo1.jpg\" alt=\"Playa Nacascolo + Playa Virador\">\n\t\t\t\t\t\t<div class=\"tour-box-content\">\n\t\t\t\t\t\t\t<div>\n\t\t\t\t\t\t\t\t<a class=\"title\" href=\"https:\/\/costatourscr.com\/en\/tour\/playa-nacascolo-playa-virador\/\">Nacascolo Beach + Virador Beach<\/a>\n\t\t\t\t\t\t\t\t<p>From <span class=\"price\"><span class=\"woocommerce-Price-amount amount\"><bdi><span class=\"woocommerce-Price-currencySymbol\">&#x20a1;<\/span>24,000<\/bdi><\/span><\/span><\/p>\n\t\t\t\t\t\t\t<\/div>\n\t\t\t\t\t\t\t<div>\n\t\t\t\t\t\t\t\t<p><\/p>\n\t\t\t\t\t\t\t\t<a class=\"button\" href=\"https:\/\/costatourscr.com\/en\/tour\/playa-nacascolo-playa-virador\/\">See tour<\/a>\n\t\t\t\t\t\t\t<\/div>\n\t\t\t\t\t\t<\/div>\n\n\t\t\t\t\t<\/li>\n\t\t\t\t\t\n\t\t\t\t\t<li data-tourid=\"464\" class=\"tour-box\">\n\t\t\t\t\t\t<img decoding=\"async\" src=\"https:\/\/costatourscr.com\/wp-content\/uploads\/2023\/03\/calzonypenca6.jpg\" alt=\"Calz\u00f3n de Pobre + Playa Penca\">\n\t\t\t\t\t\t<div class=\"tour-box-content\">\n\t\t\t\t\t\t\t<div>\n\t\t\t\t\t\t\t\t<a class=\"title\" href=\"https:\/\/costatourscr.com\/en\/tour\/calzon-de-pobre-playa-penca\/\">Calz\u00f3n de Pobre + Penca Beach<\/a>\n\t\t\t\t\t\t\t\t<p>From <span class=\"price\"><span class=\"woocommerce-Price-amount amount\"><bdi><span class=\"woocommerce-Price-currencySymbol\">&#x20a1;<\/span>24,000<\/bdi><\/span><\/span><\/p>\n\t\t\t\t\t\t\t<\/div>\n\t\t\t\t\t\t\t<div>\n\t\t\t\t\t\t\t\t<p>Two small beaches with everything you need to relax \ud83d\ude0e<\/p>\n\t\t\t\t\t\t\t\t<a class=\"button\" href=\"https:\/\/costatourscr.com\/en\/tour\/calzon-de-pobre-playa-penca\/\">See tour<\/a>\n\t\t\t\t\t\t\t<\/div>\n\t\t\t\t\t\t<\/div>\n\n\t\t\t\t\t<\/li>\n\t\t\t\t\t\n\t\t\t\t\t<li data-tourid=\"462\" class=\"tour-box\">\n\t\t\t\t\t\t<img decoding=\"async\" src=\"https:\/\/costatourscr.com\/wp-content\/uploads\/2023\/03\/PORTADAS-WEB-11-3.png\" alt=\"Caribe sur (2 d\u00edas)\">\n\t\t\t\t\t\t<div class=\"tour-box-content\">\n\t\t\t\t\t\t\t<div>\n\t\t\t\t\t\t\t\t<a class=\"title\" href=\"https:\/\/costatourscr.com\/en\/tour\/puerto-viejo-manzanillo-punta-uva-cahuita-2-dias\/\">Caribe sur (2 d\u00edas)<\/a>\n\t\t\t\t\t\t\t\t<p>From <span class=\"price\"><span class=\"woocommerce-Price-amount amount\"><bdi><span class=\"woocommerce-Price-currencySymbol\">&#x20a1;<\/span>65,000<\/bdi><\/span><\/span><\/p>\n\t\t\t\t\t\t\t<\/div>\n\t\t\t\t\t\t\t<div>\n\t\t\t\t\t\t\t\t<p><\/p>\n\t\t\t\t\t\t\t\t<a class=\"button\" href=\"https:\/\/costatourscr.com\/en\/tour\/puerto-viejo-manzanillo-punta-uva-cahuita-2-dias\/\">See tour<\/a>\n\t\t\t\t\t\t\t<\/div>\n\t\t\t\t\t\t<\/div>\n\n\t\t\t\t\t<\/li>\n\t\t\t\t\t\n\t\t\t\t\t<li data-tourid=\"460\" class=\"tour-box\">\n\t\t\t\t\t\t<img decoding=\"async\" src=\"https:\/\/costatourscr.com\/wp-content\/uploads\/2023\/03\/PORTADAS-WEB-11-4.png\" alt=\"Caribe sur (1 d\u00eda)\">\n\t\t\t\t\t\t<div class=\"tour-box-content\">\n\t\t\t\t\t\t\t<div>\n\t\t\t\t\t\t\t\t<a class=\"title\" href=\"https:\/\/costatourscr.com\/en\/tour\/puerto-viejo-manzanillo-y-punta-uva\/\">Caribe sur (1 d\u00eda)<\/a>\n\t\t\t\t\t\t\t\t<p>From <span class=\"price\"><span class=\"woocommerce-Price-amount amount\"><bdi><span class=\"woocommerce-Price-currencySymbol\">&#x20a1;<\/span>25,000<\/bdi><\/span><\/span><\/p>\n\t\t\t\t\t\t\t<\/div>\n\t\t\t\t\t\t\t<div>\n\t\t\t\t\t\t\t\t<p>Descubre la magia del caribe <\/p>\n\t\t\t\t\t\t\t\t<a class=\"button\" href=\"https:\/\/costatourscr.com\/en\/tour\/puerto-viejo-manzanillo-y-punta-uva\/\">See tour<\/a>\n\t\t\t\t\t\t\t<\/div>\n\t\t\t\t\t\t<\/div>\n\n\t\t\t\t\t<\/li>\n\t\t\t\t\t\n\t\t\t\t\t<li data-tourid=\"456\" class=\"tour-box\">\n\t\t\t\t\t\t<img decoding=\"async\" src=\"https:\/\/costatourscr.com\/wp-content\/uploads\/2023\/03\/PORTADA-QUICK.png\" alt=\"Tour Bioluminiscencia de 1 d\u00eda en P...\">\n\t\t\t\t\t\t<div class=\"tour-box-content\">\n\t\t\t\t\t\t\t<div>\n\t\t\t\t\t\t\t\t<a class=\"title\" href=\"https:\/\/costatourscr.com\/en\/tour\/quick-trip-bioluminiscente-1-dia\/\">Tour Bioluminiscencia de 1 d\u00eda en P&#8230;<\/a>\n\t\t\t\t\t\t\t\t<p>From <span class=\"price\"><span class=\"woocommerce-Price-amount amount\"><bdi><span class=\"woocommerce-Price-currencySymbol\">&#x20a1;<\/span>30,000<\/bdi><\/span><\/span><\/p>\n\t\t\t\t\t\t\t<\/div>\n\t\t\t\t\t\t\t<div>\n\t\t\t\t\t\t\t\t<p>Opci\u00f3n perfecta para vivir de en una escapada r\u00e1pida el fen\u00f3meno de&#8230;<\/p>\n\t\t\t\t\t\t\t\t<a class=\"button\" href=\"https:\/\/costatourscr.com\/en\/tour\/quick-trip-bioluminiscente-1-dia\/\">See tour<\/a>\n\t\t\t\t\t\t\t<\/div>\n\t\t\t\t\t\t<\/div>\n\n\t\t\t\t\t<\/li>\n\t\t\t\t\t\n\t\t\t\t\t<li data-tourid=\"454\" class=\"tour-box\">\n\t\t\t\t\t\t<img decoding=\"async\" src=\"https:\/\/costatourscr.com\/wp-content\/uploads\/2023\/03\/PORTADA-CAMPING2.png\" alt=\"Tour Bioluminiscencia con Camping en...\">\n\t\t\t\t\t\t<div class=\"tour-box-content\">\n\t\t\t\t\t\t\t<div>\n\t\t\t\t\t\t\t\t<a class=\"title\" href=\"https:\/\/costatourscr.com\/en\/tour\/camping-bioluminiscente-2-dias\/\">Tour Bioluminiscencia con Camping en&#8230;<\/a>\n\t\t\t\t\t\t\t\t<p>From <span class=\"price\"><span class=\"woocommerce-Price-amount amount\"><bdi><span class=\"woocommerce-Price-currencySymbol\">&#x20a1;<\/span>55,000<\/bdi><\/span><\/span><\/p>\n\t\t\t\t\t\t\t<\/div>\n\t\t\t\t\t\t\t<div>\n\t\t\t\t\t\t\t\t<p>Ven y descubre el fen\u00f3meno natural de la bioluminiscencia, m\u00e1s campi&#8230;<\/p>\n\t\t\t\t\t\t\t\t<a class=\"button\" href=\"https:\/\/costatourscr.com\/en\/tour\/camping-bioluminiscente-2-dias\/\">See tour<\/a>\n\t\t\t\t\t\t\t<\/div>\n\t\t\t\t\t\t<\/div>\n\n\t\t\t\t\t<\/li>\n\t\t\t\t\t\n\t\t\t\t\t<li data-tourid=\"452\" class=\"tour-box\">\n\t\t\t\t\t\t<img decoding=\"async\" src=\"https:\/\/costatourscr.com\/wp-content\/uploads\/2023\/03\/sanlucas2.jpg\" alt=\"\">\n\t\t\t\t\t\t<div class=\"tour-box-content\">\n\t\t\t\t\t\t\t<div>\n\t\t\t\t\t\t\t\t<a class=\"title\" href=\"https:\/\/costatourscr.com\/en\/tour\/isla-san-lucas-playa-roma\/\"><\/a>\n\t\t\t\t\t\t\t\t<p>From <span class=\"price\"><span class=\"woocommerce-Price-amount amount\"><bdi><span class=\"woocommerce-Price-currencySymbol\">&#x20a1;<\/span>30,000<\/bdi><\/span><\/span><\/p>\n\t\t\t\t\t\t\t<\/div>\n\t\t\t\t\t\t\t<div>\n\t\t\t\t\t\t\t\t<p>We won't just tell you the stories of San Lucas, we'll take you to LIVE them...<\/p>\n\t\t\t\t\t\t\t\t<a class=\"button\" href=\"https:\/\/costatourscr.com\/en\/tour\/isla-san-lucas-playa-roma\/\">See tour<\/a>\n\t\t\t\t\t\t\t<\/div>\n\t\t\t\t\t\t<\/div>\n\n\t\t\t\t\t<\/li>\n\t\t\t\t\t\n\t\t\t\t\t<li data-tourid=\"440\" class=\"tour-box\">\n\t\t\t\t\t\t<img decoding=\"async\" src=\"https:\/\/costatourscr.com\/wp-content\/uploads\/2023\/03\/PORTADA-QUESERA.png\" alt=\"Tour Playa Quesera e Isla Tortuga co...\">\n\t\t\t\t\t\t<div class=\"tour-box-content\">\n\t\t\t\t\t\t\t<div>\n\t\t\t\t\t\t\t\t<a class=\"title\" href=\"https:\/\/costatourscr.com\/en\/tour\/playa-quesera-isla-tortuga\/\">Tour Playa Quesera e Isla Tortuga co&#8230;<\/a>\n\t\t\t\t\t\t\t\t<p>From <span class=\"price\"><span class=\"woocommerce-Price-amount amount\"><bdi><span class=\"woocommerce-Price-currencySymbol\">&#x20a1;<\/span>32,000<\/bdi><\/span><\/span><\/p>\n\t\t\t\t\t\t\t<\/div>\n\t\t\t\t\t\t\t<div>\n\t\t\t\t\t\t\t\t<p>Let yourself fall in love with the beach awarded as the most exotic in all of Costa Rica...<\/p>\n\t\t\t\t\t\t\t\t<a class=\"button\" href=\"https:\/\/costatourscr.com\/en\/tour\/playa-quesera-isla-tortuga\/\">See tour<\/a>\n\t\t\t\t\t\t\t<\/div>\n\t\t\t\t\t\t<\/div>\n\n\t\t\t\t\t<\/li>\n\t\t\t\t\t\n\t\t\t\t\t<li data-tourid=\"61\" class=\"tour-box\">\n\t\t\t\t\t\t<img decoding=\"async\" src=\"https:\/\/costatourscr.com\/wp-content\/uploads\/2023\/03\/islatortuga2.jpg\" alt=\"Tour Isla Tortuga con transporte, sn...\">\n\t\t\t\t\t\t<div class=\"tour-box-content\">\n\t\t\t\t\t\t\t<div>\n\t\t\t\t\t\t\t\t<a class=\"title\" href=\"https:\/\/costatourscr.com\/en\/tour\/isla-tortuga-snorkeling\/\">Tour Isla Tortuga con transporte, sn&#8230;<\/a>\n\t\t\t\t\t\t\t\t<p>From <span class=\"price\"><span class=\"woocommerce-Price-amount amount\"><bdi><span class=\"woocommerce-Price-currencySymbol\">&#x20a1;<\/span>30,000<\/bdi><\/span><\/span><\/p>\n\t\t\t\t\t\t\t<\/div>\n\t\t\t\t\t\t\t<div>\n\t\t\t\t\t\t\t\t<p>Disconnect from the daily hustle and come enjoy the paradisiacal...<\/p>\n\t\t\t\t\t\t\t\t<a class=\"button\" href=\"https:\/\/costatourscr.com\/en\/tour\/isla-tortuga-snorkeling\/\">See tour<\/a>\n\t\t\t\t\t\t\t<\/div>\n\t\t\t\t\t\t<\/div>\n\n\t\t\t\t\t<\/li>\n\t\t\t\t\t<\/ul><\/div><\/div>","protected":false},"excerpt":{"rendered":"<p>Nosotros te llevamos A crear experiencias y momentos \u00fanicos, con nosotros vivir\u00e1s aventuras de 1 y 2 d\u00edas en maravillosos destinos naturales que esconde el Puntarenas, Guanacaste y Lim\u00f3n. Pas\u00e1 m\u00e1s tiempo en el destino y menos tiempo viajando, te garantizamos momentos memorables de mano de nuestro personal altamente calificado y amable. Viajar\u00e1s c\u00f3modo y [&hellip;]<\/p>","protected":false},"author":1,"featured_media":0,"parent":0,"menu_order":0,"comment_status":"closed","ping_status":"closed","template":"page-no-header","meta":{"inline_featured_image":false,"_joinchat":[],"footnotes":""},"class_list":["post-24","page","type-page","status-publish","hentry"],"jetpack_sharing_enabled":true,"_links":{"self":[{"href":"https:\/\/costatourscr.com\/en\/wp-json\/wp\/v2\/pages\/24","targetHints":{"allow":["GET"]}}],"collection":[{"href":"https:\/\/costatourscr.com\/en\/wp-json\/wp\/v2\/pages"}],"about":[{"href":"https:\/\/costatourscr.com\/en\/wp-json\/wp\/v2\/types\/page"}],"author":[{"embeddable":true,"href":"https:\/\/costatourscr.com\/en\/wp-json\/wp\/v2\/users\/1"}],"replies":[{"embeddable":true,"href":"https:\/\/costatourscr.com\/en\/wp-json\/wp\/v2\/comments?post=24"}],"version-history":[{"count":5,"href":"https:\/\/costatourscr.com\/en\/wp-json\/wp\/v2\/pages\/24\/revisions"}],"predecessor-version":[{"id":1310,"href":"https:\/\/costatourscr.com\/en\/wp-json\/wp\/v2\/pages\/24\/revisions\/1310"}],"wp:attachment":[{"href":"https:\/\/costatourscr.com\/en\/wp-json\/wp\/v2\/media?parent=24"}],"curies":[{"name":"wp","href":"https:\/\/api.w.org\/{rel}","templated":true}]}}